{"id":1276,"date":"2025-01-21T21:01:17","date_gmt":"2025-01-21T21:01:17","guid":{"rendered":"https:\/\/datarecaudo.com\/tienda\/?post_type=product&#038;p=1276"},"modified":"2025-03-05T01:20:01","modified_gmt":"2025-03-05T01:20:01","slug":"historial-laboral","status":"publish","type":"product","link":"https:\/\/datarecaudo.com\/tienda\/producto\/historial-laboral\/","title":{"rendered":"HISTORIAL LABORAL"},"content":{"rendered":"<p><span lang=\"ES-CO\">Nuestro servicio de <strong>b\u00fasqueda de historial laboral<\/strong> te permite conocer si una persona est\u00e1 empleada, su \u00faltimo empleo registrado y su salario reportado. Esta informaci\u00f3n es clave para verificar antecedentes laborales, evaluar la estabilidad econ\u00f3mica de un candidato o deudor, y tomar decisiones informadas en procesos de contrataci\u00f3n, cobranza o demandas.<\/span><\/p>\n<p><strong><span lang=\"ES-CO\">\u00a1Obt\u00e9n informaci\u00f3n confiable para tomar decisiones estrat\u00e9gicas y minimizar riesgos laborales y financieros!<\/span><\/strong><\/p>\n<h5>\u00bfQu\u00e9 informaci\u00f3n te entregamos?<\/h5>\n<div class=\"d-flex text-white\">\n<ul>\n<li><strong>Empleador<\/strong><\/li>\n<li><strong>Salario base de cotizaci\u00f3n<\/strong><\/li>\n<\/ul>\n<h5><strong>\u00bfCu\u00e1ndo puedes hacer una <span lang=\"ES-CO\">b\u00fasqueda de historial laboral<\/span>?<\/strong><\/h5>\n<ul>\n<li>Demandas por alimentos<\/li>\n<li>Verificaci\u00f3n de Ingresos en Procesos de Pensi\u00f3n Alimentaria<\/li>\n<li>Ejecuci\u00f3n de Embargos de Salario<\/li>\n<li>Verificaci\u00f3n de Empleo Actual y \u00daltimo Empleo Registrado<\/li>\n<li>Evaluaci\u00f3n de Solvencia y Capacidad de Pago<\/li>\n<li>Apoyo en Procesos de Recuperaci\u00f3n de Cartera<\/li>\n<li>Verificaci\u00f3n de Informaci\u00f3n en Procesos de Contrataci\u00f3n<\/li>\n<li>Detecci\u00f3n de Fraudes en Declaraciones de Ingresos<\/li>\n<li>Apoyo en Demandas Laborales y Civiles<\/li>\n<li>Verificaci\u00f3n para Procesos de Cr\u00e9dito y Arrendamiento<\/li>\n<li>Detecci\u00f3n de Casos de Subempleo o Falsificaci\u00f3n de Informaci\u00f3n<\/li>\n<li>Seguimiento de Ex-Empleados en Casos de Fraude o Mala Praxis<\/li>\n<li>Identificaci\u00f3n de Casos de Trabajo No Declarado<\/li>\n<\/ul>\n<\/div>\n","protected":false},"excerpt":{"rendered":"<p><span lang=\"ES-CO\">Nuestro servicio de <strong>b\u00fasqueda de historial laboral<\/strong> te permite conocer si una persona est\u00e1 empleada, su \u00faltimo empleo registrado y su salario reportado. Esta informaci\u00f3n es clave para verificar antecedentes laborales<\/span><\/p>\n","protected":false},"featured_media":1304,"comment_status":"open","ping_status":"closed","template":"","meta":{"_kadence_starter_templates_imported_post":false,"_kad_post_transparent":"default","_kad_post_title":"","_kad_post_layout":"default","_kad_post_sidebar_id":"","_kad_post_content_style":"default","_kad_post_vertical_padding":"default","_kad_post_feature":"","_kad_post_feature_position":"","_kad_post_header":false,"_kad_post_footer":false,"_joinchat":[]},"product_cat":[15],"product_tag":[],"class_list":{"0":"post-1276","1":"product","2":"type-product","3":"status-publish","4":"has-post-thumbnail","6":"product_cat-sin-categorizar","8":"first","9":"instock","10":"shipping-taxable","11":"purchasable","12":"product-type-simple","13":"entry","14":"content-bg","15":"loop-entry"},"_links":{"self":[{"href":"https:\/\/datarecaudo.com\/tienda\/wp-json\/wp\/v2\/product\/1276","targetHints":{"allow":["GET"]}}],"collection":[{"href":"https:\/\/datarecaudo.com\/tienda\/wp-json\/wp\/v2\/product"}],"about":[{"href":"https:\/\/datarecaudo.com\/tienda\/wp-json\/wp\/v2\/types\/product"}],"replies":[{"embeddable":true,"href":"https:\/\/datarecaudo.com\/tienda\/wp-json\/wp\/v2\/comments?post=1276"}],"wp:featuredmedia":[{"embeddable":true,"href":"https:\/\/datarecaudo.com\/tienda\/wp-json\/wp\/v2\/media\/1304"}],"wp:attachment":[{"href":"https:\/\/datarecaudo.com\/tienda\/wp-json\/wp\/v2\/media?parent=1276"}],"wp:term":[{"taxonomy":"product_cat","embeddable":true,"href":"https:\/\/datarecaudo.com\/tienda\/wp-json\/wp\/v2\/product_cat?post=1276"},{"taxonomy":"product_tag","embeddable":true,"href":"https:\/\/datarecaudo.com\/tienda\/wp-json\/wp\/v2\/product_tag?post=1276"}],"curies":[{"name":"wp","href":"https:\/\/api.w.org\/{rel}","templated":true}]}}