{"id":1223,"date":"2025-01-14T22:08:04","date_gmt":"2025-01-14T22:08:04","guid":{"rendered":"https:\/\/datarecaudo.com\/tienda\/?post_type=product&#038;p=1223"},"modified":"2025-03-20T19:01:31","modified_gmt":"2025-03-20T19:01:31","slug":"vehiculos","status":"publish","type":"product","link":"https:\/\/datarecaudo.com\/tienda\/producto\/vehiculos\/","title":{"rendered":"VEH\u00cdCULOS"},"content":{"rendered":"<p>Nuestro servicio de <strong>b\u00fasqueda de veh\u00edculos<\/strong> est\u00e1 dise\u00f1ado para localizar autom\u00f3viles, motocicletas maquinaria amarilla y otros activos automotores que puedan ser clave en procesos legales, embargos o recuperaci\u00f3n de cartera. A trav\u00e9s de herramientas avanzadas y bases de datos oficiales, identificamos la propiedad, historial y ubicaci\u00f3n de los veh\u00edculos.<\/p>\n<p><strong><span lang=\"ES-CO\">\u00a1Recupera lo que te pertenece con informaci\u00f3n precisa y verificada!<\/span><\/strong><\/p>\n<h5>\u00bfQu\u00e9 informaci\u00f3n te entregamos?<\/h5>\n<div class=\"d-flex text-white\">\n<ul>\n<li class=\"ps-4\"><strong>PLACA<\/strong><\/li>\n<li><strong>CLASE<\/strong><\/li>\n<li><strong>MARCA<\/strong><\/li>\n<li><strong>L\u00cdNEA<\/strong><\/li>\n<li><strong>SERVICIO<\/strong><\/li>\n<li><strong>TRANSITO<\/strong><\/li>\n<li><strong>ACREEDOR PRENDIARIO<\/strong><\/li>\n<li><strong>LIMITACIONES<\/strong><\/li>\n<\/ul>\n<h5><strong>\u00bfCu\u00e1ndo puedes hacer una b\u00fasqueda de veh\u00edculos?<\/strong><\/h5>\n<ul>\n<li>Embargos y Recuperaci\u00f3n de Cartera Perdida<\/li>\n<li>Investigaci\u00f3n de Activos Ocultos<\/li>\n<li>Identificamos veh\u00edculos registrados<\/li>\n<li>Procesos Judiciales y Demandas<\/li>\n<li>Recuperaci\u00f3n de Pr\u00e9stamos Garantizados<\/li>\n<li>Verificaci\u00f3n de Propiedad y Tr\u00e1nsito<\/li>\n<\/ul>\n<\/div>\n","protected":false},"excerpt":{"rendered":"<p>Nuestro servicio de <strong>b\u00fasqueda de veh\u00edculos<\/strong> est\u00e1 dise\u00f1ado para localizar autom\u00f3viles, motocicletas maquinaria amarilla y otros activos automotores que puedan ser clave en procesos legales, embargos o recuperaci\u00f3n de cartera.<\/p>\n","protected":false},"featured_media":1300,"comment_status":"open","ping_status":"closed","template":"","meta":{"_kadence_starter_templates_imported_post":false,"_kad_post_transparent":"default","_kad_post_title":"","_kad_post_layout":"default","_kad_post_sidebar_id":"","_kad_post_content_style":"default","_kad_post_vertical_padding":"default","_kad_post_feature":"","_kad_post_feature_position":"","_kad_post_header":false,"_kad_post_footer":false,"_joinchat":[]},"product_cat":[15],"product_tag":[],"class_list":{"0":"post-1223","1":"product","2":"type-product","3":"status-publish","4":"has-post-thumbnail","6":"product_cat-sin-categorizar","8":"first","9":"instock","10":"shipping-taxable","11":"purchasable","12":"product-type-simple","13":"entry","14":"content-bg","15":"loop-entry"},"_links":{"self":[{"href":"https:\/\/datarecaudo.com\/tienda\/wp-json\/wp\/v2\/product\/1223","targetHints":{"allow":["GET"]}}],"collection":[{"href":"https:\/\/datarecaudo.com\/tienda\/wp-json\/wp\/v2\/product"}],"about":[{"href":"https:\/\/datarecaudo.com\/tienda\/wp-json\/wp\/v2\/types\/product"}],"replies":[{"embeddable":true,"href":"https:\/\/datarecaudo.com\/tienda\/wp-json\/wp\/v2\/comments?post=1223"}],"wp:featuredmedia":[{"embeddable":true,"href":"https:\/\/datarecaudo.com\/tienda\/wp-json\/wp\/v2\/media\/1300"}],"wp:attachment":[{"href":"https:\/\/datarecaudo.com\/tienda\/wp-json\/wp\/v2\/media?parent=1223"}],"wp:term":[{"taxonomy":"product_cat","embeddable":true,"href":"https:\/\/datarecaudo.com\/tienda\/wp-json\/wp\/v2\/product_cat?post=1223"},{"taxonomy":"product_tag","embeddable":true,"href":"https:\/\/datarecaudo.com\/tienda\/wp-json\/wp\/v2\/product_tag?post=1223"}],"curies":[{"name":"wp","href":"https:\/\/api.w.org\/{rel}","templated":true}]}}