{"id":1220,"date":"2025-01-14T22:03:34","date_gmt":"2025-01-14T22:03:34","guid":{"rendered":"https:\/\/datarecaudo.com\/tienda\/?post_type=product&#038;p=1220"},"modified":"2025-03-20T19:07:28","modified_gmt":"2025-03-20T19:07:28","slug":"consulta-obligaciones-financieras","status":"publish","type":"product","link":"https:\/\/datarecaudo.com\/tienda\/producto\/consulta-obligaciones-financieras\/","title":{"rendered":"CONSULTA TUS OBLIGACIONES FINANCIERAS"},"content":{"rendered":"<p><span lang=\"ES-CO\">Nuestro servicio de <strong>consulta de obligaciones financieras<\/strong> te permite conocer el estado financiero de personas y empresas, identificando deudas, compromisos crediticios y riesgos de incumplimiento. Esta informaci\u00f3n es clave para la recuperaci\u00f3n de cartera, demandas judiciales, prevenci\u00f3n de fraudes y actualizaci\u00f3n de datos financieros.<\/span><\/p>\n<p><strong><span lang=\"ES-CO\">\u00a1Toma decisiones informadas, reduce riesgos y protege tu negocio con informaci\u00f3n precisa y verificada!<\/span><\/strong><\/p>\n<h5>\u00bfQu\u00e9 informaci\u00f3n te entregamos?<\/h5>\n<div class=\"d-flex text-white\">\n<ul>\n<li><strong>Informe completo de historial crediticio <\/strong><\/li>\n<li><strong>Obligaciones financieras vigentes y cerradas<\/strong><\/li>\n<li><strong>Puntaje SCORE <\/strong><\/li>\n<li><strong>Cupos, saldos y cuotas de obligaciones financieras<\/strong><\/li>\n<li><strong>Cuentas de ahorro y corrientes<\/strong><\/li>\n<li><strong>Resumen trimestral de las obligaciones vigentes<\/strong><\/li>\n<\/ul>\n<h5><strong>\u00bfCu\u00e1ndo puedes hacer una <span lang=\"ES-CO\">consulta de obligaciones financieras<\/span>?<\/strong><\/h5>\n<ul>\n<li>An\u00e1lisis de Riesgo Crediticio<\/li>\n<li>Verificaci\u00f3n de Solvencia de Proveedores o Socios Comerciales<\/li>\n<li>Recuperaci\u00f3n de Cartera Perdida<\/li>\n<li>Optimizaci\u00f3n de Estrategias de Cobranza<\/li>\n<li>Monitoreo de Clientes Existentes<\/li>\n<li>An\u00e1lisis de Transacciones Inusuales<\/li>\n<li>Actualizaci\u00f3n de Informaci\u00f3n Financiera de Clientes<\/li>\n<li>Prevenci\u00f3n de Fraudes Financieros<\/li>\n<li>Gesti\u00f3n de Riesgo para Inversionistas<\/li>\n<li>Detecci\u00f3n de Empresas en Riesgo de Quiebra<\/li>\n<li>Protecci\u00f3n del Flujo de Caja Empresarial<\/li>\n<\/ul>\n<\/div>\n","protected":false},"excerpt":{"rendered":"<p><span lang=\"ES-CO\">Nuestro servicio de <strong>consulta de obligaciones financieras<\/strong> te permite conocer el estado financiero de personas y empresas, identificando deudas, compromisos crediticios y riesgos de incumplimiento<\/span><\/p>\n","protected":false},"featured_media":1303,"comment_status":"open","ping_status":"closed","template":"","meta":{"_kadence_starter_templates_imported_post":false,"_kad_post_transparent":"default","_kad_post_title":"","_kad_post_layout":"default","_kad_post_sidebar_id":"","_kad_post_content_style":"default","_kad_post_vertical_padding":"default","_kad_post_feature":"","_kad_post_feature_position":"","_kad_post_header":false,"_kad_post_footer":false,"_joinchat":[]},"product_cat":[15],"product_tag":[],"class_list":{"0":"post-1220","1":"product","2":"type-product","3":"status-publish","4":"has-post-thumbnail","6":"product_cat-sin-categorizar","8":"first","9":"instock","10":"shipping-taxable","11":"purchasable","12":"product-type-simple","13":"entry","14":"content-bg","15":"loop-entry"},"_links":{"self":[{"href":"https:\/\/datarecaudo.com\/tienda\/wp-json\/wp\/v2\/product\/1220","targetHints":{"allow":["GET"]}}],"collection":[{"href":"https:\/\/datarecaudo.com\/tienda\/wp-json\/wp\/v2\/product"}],"about":[{"href":"https:\/\/datarecaudo.com\/tienda\/wp-json\/wp\/v2\/types\/product"}],"replies":[{"embeddable":true,"href":"https:\/\/datarecaudo.com\/tienda\/wp-json\/wp\/v2\/comments?post=1220"}],"wp:featuredmedia":[{"embeddable":true,"href":"https:\/\/datarecaudo.com\/tienda\/wp-json\/wp\/v2\/media\/1303"}],"wp:attachment":[{"href":"https:\/\/datarecaudo.com\/tienda\/wp-json\/wp\/v2\/media?parent=1220"}],"wp:term":[{"taxonomy":"product_cat","embeddable":true,"href":"https:\/\/datarecaudo.com\/tienda\/wp-json\/wp\/v2\/product_cat?post=1220"},{"taxonomy":"product_tag","embeddable":true,"href":"https:\/\/datarecaudo.com\/tienda\/wp-json\/wp\/v2\/product_tag?post=1220"}],"curies":[{"name":"wp","href":"https:\/\/api.w.org\/{rel}","templated":true}]}}